{"id":42289,"date":"2022-01-03T18:39:42","date_gmt":"2022-01-03T17:39:42","guid":{"rendered":"https:\/\/www.trioptics.fr\/?post_type=product&#038;p=42289"},"modified":"2025-09-11T17:34:53","modified_gmt":"2025-09-11T15:34:53","slug":"417-housing-for-detection-electronics","status":"publish","type":"product","link":"https:\/\/www.trioptics.fr\/en\/product\/417-housing-for-detection-electronics\/","title":{"rendered":"Electronic housing for detection system \u2013 Model 417"},"content":{"rendered":"<p><span data-contrast=\"auto\">The<strong> 417 sensing electronics control unit<\/strong> represents a customizable all-in-one optical sensing system designed for optimal operation and automation of light measurement systems.<\/span><span data-ccp-props=\"{}\">\u00a0<\/span><\/p>\n<p><span data-contrast=\"auto\">Serving as enclosure, power supply and USB 2. 0 hub port for 400 Series modules, the 417 is at the heart of our modular approach to signal recovery.<\/span><span data-ccp-props=\"{}\">\u00a0<\/span><\/p>\n<table style=\"font-weight: 400;\" data-tablestyle=\"MsoTableGrid\" data-tablelook=\"1184\">\n<tbody>\n<tr>\n<td colspan=\"2\" data-celllook=\"0\"><span data-contrast=\"auto\">SPECIFICATIONS<\/span><span data-ccp-props=\"{&quot;335551550&quot;:2,&quot;335551620&quot;:2}\">\u00a0<\/span><\/td>\n<\/tr>\n<tr>\n<td data-celllook=\"0\"><span data-contrast=\"auto\">Mains input voltage<\/span><span data-ccp-props=\"{}\">\u00a0<\/span><\/td>\n<td data-celllook=\"0\"><span data-contrast=\"auto\">220\/240V or 110V AC<\/span><span data-ccp-props=\"{}\">\u00a0<\/span><\/td>\n<\/tr>\n<tr>\n<td data-celllook=\"0\"><span data-contrast=\"auto\">Network frequency<\/span><span data-ccp-props=\"{}\">\u00a0<\/span><\/td>\n<td data-celllook=\"0\"><span data-contrast=\"auto\">50\/60Hz<\/span><span data-ccp-props=\"{}\">\u00a0<\/span><\/td>\n<\/tr>\n<tr>\n<td data-celllook=\"0\"><span data-contrast=\"auto\">Size<\/span><span data-ccp-props=\"{}\">\u00a0<\/span><\/td>\n<td data-celllook=\"0\"><span data-contrast=\"auto\">417 \u2013 450x310x130mm<\/span><br \/>\n<span data-contrast=\"auto\">417T \u2013 350x310x130mm<\/span><span data-ccp-props=\"{}\">\u00a0<\/span><\/td>\n<\/tr>\n<tr>\n<td data-celllook=\"0\"><span data-contrast=\"auto\">Assembly<\/span><span data-ccp-props=\"{}\">\u00a0<\/span><\/td>\n<td data-celllook=\"0\"><span data-contrast=\"auto\">417: stand-alone, or 19\u2033 rack mounting kit available<\/span><br \/>\n<span data-contrast=\"auto\">417T: stand-alone<\/span><span data-ccp-props=\"{}\">\u00a0<\/span><\/td>\n<\/tr>\n<\/tbody>\n<\/table>\n<p>&nbsp;<\/p>\n<p><strong style=\"color: #000000; font-family: Verdana, Geneva, sans-serif; font-size: 25px; text-align: justify;\"><span style=\"font-size: 16px;\">Options<\/span><\/strong><\/p>\n<table style=\"font-weight: 400;\" data-tablestyle=\"MsoTableGrid\" data-tablelook=\"1184\">\n<tbody>\n<tr>\n<td data-celllook=\"0\"><b><span data-contrast=\"auto\">Units<\/span><\/b><span data-ccp-props=\"{}\">\u00a0<\/span><\/td>\n<td data-celllook=\"0\"><b><span data-contrast=\"auto\">Details<\/span><\/b><span data-ccp-props=\"{}\">\u00a0<\/span><\/td>\n<\/tr>\n<tr>\n<td data-celllook=\"0\"><span data-contrast=\"auto\">417<\/span><span data-ccp-props=\"{}\">\u00a0<\/span><\/td>\n<td data-celllook=\"0\"><span data-contrast=\"auto\">Standard 417 (8-unit width)<\/span><span data-ccp-props=\"{}\">\u00a0<\/span><\/td>\n<\/tr>\n<tr>\n<td data-celllook=\"0\"><span data-contrast=\"auto\">417T<\/span><span data-ccp-props=\"{}\">\u00a0<\/span><\/td>\n<td data-celllook=\"0\"><span data-contrast=\"auto\">Compact 417 (5-unit width)<\/span><span data-ccp-props=\"{}\">\u00a0<\/span><\/td>\n<\/tr>\n<\/tbody>\n<\/table>\n<p>&nbsp;<\/p>\n<p><strong><span class=\"TextRun SCXW172278425 BCX0\" lang=\"FR-FR\" style=\"color: #000000; font-family: Verdana, Geneva, sans-serif; text-align: justify;\" xml:lang=\"FR-FR\" data-contrast=\"auto\"><span class=\"NormalTextRun SpellingErrorV2Themed SCXW172278425 BCX0\">Available<\/span><span class=\"NormalTextRun SCXW172278425 BCX0\"> modules<\/span><span class=\"NormalTextRun SCXW172278425 BCX0\">\u202f:<\/span><\/span><span class=\"EOP SCXW172278425 BCX0\" style=\"color: #000000; font-family: Verdana, Geneva, sans-serif; text-align: justify;\" data-ccp-props=\"{}\">\u00a0<\/span><\/strong><\/p>\n<table style=\"font-weight: 400;\" data-tablestyle=\"MsoTableGrid\" data-tablelook=\"1184\">\n<tbody>\n<tr>\n<td data-celllook=\"0\"><b><span data-contrast=\"auto\">Module<\/span><\/b><span data-ccp-props=\"{&quot;335551550&quot;:2,&quot;335551620&quot;:2}\">\u00a0<\/span><\/td>\n<td data-celllook=\"0\"><b><span data-contrast=\"auto\">Objectives<\/span><\/b><span data-ccp-props=\"{&quot;335551550&quot;:2,&quot;335551620&quot;:2}\">\u00a0<\/span><\/td>\n<td data-celllook=\"0\"><b><span data-contrast=\"auto\">Unit width<\/span><\/b><span data-ccp-props=\"{&quot;335551550&quot;:2,&quot;335551620&quot;:2}\">\u00a0<\/span><\/td>\n<\/tr>\n<tr>\n<td data-celllook=\"0\"><b><span data-contrast=\"auto\">487<\/span><\/b><span data-ccp-props=\"{&quot;335551550&quot;:2,&quot;335551620&quot;:2}\">\u00a0<\/span><\/td>\n<td data-celllook=\"0\"><span data-contrast=\"auto\">Programmable DC amplifier<\/span><span data-ccp-props=\"{&quot;335551550&quot;:2,&quot;335551620&quot;:2}\">\u00a0<\/span><\/p>\n<p><span data-contrast=\"auto\">With integrated ADC used as main detection electronics in DC systems using current-generating photodetectors<\/span><span data-ccp-props=\"{&quot;335551550&quot;:2,&quot;335551620&quot;:2}\">\u00a0<\/span><\/td>\n<td data-celllook=\"0\"><b><span data-contrast=\"auto\">2<\/span><\/b><span data-ccp-props=\"{&quot;335551550&quot;:2,&quot;335551620&quot;:2}\">\u00a0<\/span><\/td>\n<\/tr>\n<tr>\n<td data-celllook=\"0\"><b><span data-contrast=\"auto\">497<\/span><\/b><span data-ccp-props=\"{&quot;335551550&quot;:2,&quot;335551620&quot;:2}\">\u00a0<\/span><\/td>\n<td data-celllook=\"0\"><span data-contrast=\"auto\">Programmable AC &amp; DC amplifier<\/span><span data-ccp-props=\"{&quot;335551550&quot;:2,&quot;335551620&quot;:2}\">\u00a0<\/span><\/p>\n<p><span data-contrast=\"auto\">With integrating ADC used as main detection electronics in DC systems and as preamplifier in AC systems using current-generating photodetectors<\/span><span data-ccp-props=\"{&quot;335551550&quot;:2,&quot;335551620&quot;:2}\">\u00a0<\/span><\/td>\n<td data-celllook=\"0\"><b><span data-contrast=\"auto\">2<\/span><\/b><span data-ccp-props=\"{&quot;335551550&quot;:2,&quot;335551620&quot;:2}\">\u00a0<\/span><\/td>\n<\/tr>\n<tr>\n<td data-celllook=\"0\"><b><span data-contrast=\"auto\">477<\/span><\/b><span data-ccp-props=\"{&quot;335551550&quot;:2,&quot;335551620&quot;:2}\">\u00a0<\/span><\/td>\n<td data-celllook=\"0\"><span data-contrast=\"auto\">Programmable AC pre-amplifier<\/span><span data-ccp-props=\"{&quot;335551550&quot;:2,&quot;335551620&quot;:2}\">\u00a0<\/span><\/p>\n<p><span data-contrast=\"auto\">For use with current-generating photodetectors in switched-light systems<\/span><span data-ccp-props=\"{&quot;335551550&quot;:2,&quot;335551620&quot;:2}\">\u00a0<\/span><\/td>\n<td data-celllook=\"0\"><b><span data-contrast=\"auto\">1<\/span><\/b><span data-ccp-props=\"{&quot;335551550&quot;:2,&quot;335551620&quot;:2}\">\u00a0<\/span><\/td>\n<\/tr>\n<tr>\n<td data-celllook=\"0\"><b><span data-contrast=\"auto\">418M<\/span><\/b><span data-ccp-props=\"{&quot;335551550&quot;:2,&quot;335551620&quot;:2}\">\u00a0<\/span><\/td>\n<td data-celllook=\"0\"><span data-contrast=\"auto\">Optical chopper<\/span><span data-ccp-props=\"{&quot;335551550&quot;:2,&quot;335551620&quot;:2}\">\u00a0<\/span><\/p>\n<p><span data-contrast=\"auto\">With modular control electronics<\/span><span data-ccp-props=\"{&quot;335551550&quot;:2,&quot;335551620&quot;:2}\">\u00a0<\/span><\/td>\n<td data-celllook=\"0\"><b><span data-contrast=\"auto\">1<\/span><\/b><span data-ccp-props=\"{&quot;335551550&quot;:2,&quot;335551620&quot;:2}\">\u00a0<\/span><\/td>\n<\/tr>\n<tr>\n<td data-celllook=\"0\"><b><span data-contrast=\"auto\">218M<\/span><\/b><span data-ccp-props=\"{&quot;335551550&quot;:2,&quot;335551620&quot;:2}\">\u00a0<\/span><\/td>\n<td data-celllook=\"0\"><span data-contrast=\"auto\">Optical chopper<\/span><span data-ccp-props=\"{&quot;335551550&quot;:2,&quot;335551620&quot;:2}\">\u00a0<\/span><\/p>\n<p><span data-contrast=\"auto\">With modular control electronics<\/span><span data-ccp-props=\"{&quot;335551550&quot;:2,&quot;335551620&quot;:2}\">\u00a0<\/span><\/td>\n<td data-celllook=\"0\"><b><span data-contrast=\"auto\">1<\/span><\/b><span data-ccp-props=\"{&quot;335551550&quot;:2,&quot;335551620&quot;:2}\">\u00a0<\/span><\/td>\n<\/tr>\n<tr>\n<td data-celllook=\"0\"><b><span data-contrast=\"auto\">496<\/span><\/b><span data-ccp-props=\"{&quot;335551550&quot;:2,&quot;335551620&quot;:2}\">\u00a0<\/span><\/td>\n<td data-celllook=\"0\"><span data-contrast=\"auto\">DSP lock-in amplifier<\/span><span data-ccp-props=\"{&quot;335551550&quot;:2,&quot;335551620&quot;:2,&quot;469777462&quot;:[926],&quot;469777927&quot;:[0],&quot;469777928&quot;:[1]}\">\u00a0<\/span><\/p>\n<p><span data-contrast=\"auto\">For use in cut-light systems<\/span><span data-ccp-props=\"{&quot;335551550&quot;:2,&quot;335551620&quot;:2,&quot;469777462&quot;:[926],&quot;469777927&quot;:[0],&quot;469777928&quot;:[1]}\">\u00a0<\/span><\/td>\n<td data-celllook=\"0\"><b><span data-contrast=\"auto\">2<\/span><\/b><span data-ccp-props=\"{&quot;335551550&quot;:2,&quot;335551620&quot;:2}\">\u00a0<\/span><\/td>\n<\/tr>\n<tr>\n<td data-celllook=\"0\"><b><span data-contrast=\"auto\">474<\/span><\/b><span data-ccp-props=\"{&quot;335551550&quot;:2,&quot;335551620&quot;:2}\">\u00a0<\/span><\/td>\n<td data-celllook=\"0\"><span data-contrast=\"auto\">Fixed-gain voltage amplifier<\/span><span data-ccp-props=\"{&quot;335551550&quot;:2,&quot;335551620&quot;:2}\">\u00a0<\/span><\/p>\n<p><span data-contrast=\"auto\">For transformers used in PVE300 cut-light systems<\/span><span data-ccp-props=\"{&quot;335551550&quot;:2,&quot;335551620&quot;:2}\">\u00a0<\/span><\/td>\n<td data-celllook=\"0\"><b><span data-contrast=\"auto\">1<\/span><\/b><span data-ccp-props=\"{&quot;335551550&quot;:2,&quot;335551620&quot;:2}\">\u00a0<\/span><\/td>\n<\/tr>\n<tr>\n<td data-celllook=\"0\"><b><span data-contrast=\"auto\">215\/215D<\/span><\/b><span data-ccp-props=\"{&quot;335551550&quot;:2,&quot;335551620&quot;:2}\">\u00a0<\/span><\/td>\n<td data-celllook=\"0\"><span data-contrast=\"auto\">Alimentation haute tension <\/span><br \/>\n<span data-contrast=\"auto\">Pour utilisation avec les photomultiplicateurs, les d\u00e9tecteurs au sulfure de plomb et au s\u00e9l\u00e9niure de plomb<\/span><span data-ccp-props=\"{&quot;335551550&quot;:2,&quot;335551620&quot;:2}\">\u00a0<\/span><\/td>\n<td data-celllook=\"0\"><b><span data-contrast=\"auto\">1<\/span><\/b><span data-ccp-props=\"{&quot;335551550&quot;:2,&quot;335551620&quot;:2}\">\u00a0<\/span><\/td>\n<\/tr>\n<tr>\n<td data-celllook=\"0\"><b><span data-contrast=\"auto\">275<\/span><\/b><span data-ccp-props=\"{&quot;335551550&quot;:2,&quot;335551620&quot;:2}\">\u00a0<\/span><\/td>\n<td data-celllook=\"0\"><span data-contrast=\"auto\">Ultra-low-noise preamplifier<\/span><span data-ccp-props=\"{&quot;335551550&quot;:2,&quot;335551620&quot;:2}\">\u00a0<\/span><\/p>\n<p><span data-contrast=\"auto\">For use with mercury and cadmium telluride detectors<\/span><span data-ccp-props=\"{&quot;335551550&quot;:2,&quot;335551620&quot;:2}\">\u00a0<\/span><\/td>\n<td data-celllook=\"0\"><b><span data-contrast=\"auto\">1<\/span><\/b><span data-ccp-props=\"{&quot;335551550&quot;:2,&quot;335551620&quot;:2}\">\u00a0<\/span><\/td>\n<\/tr>\n<tr>\n<td data-celllook=\"0\"><b><span data-contrast=\"auto\">CPS1M\/2CPS1M<\/span><\/b><span data-ccp-props=\"{&quot;335551550&quot;:2,&quot;335551620&quot;:2}\">\u00a0<\/span><\/td>\n<td data-celllook=\"0\"><span data-contrast=\"auto\">Peltier cooler controller for single\/double detectors<\/span><span data-ccp-props=\"{&quot;335551550&quot;:2,&quot;335551620&quot;:2}\">\u00a0<\/span><\/p>\n<p><span data-contrast=\"auto\">For all solid-state detectors<\/span><span data-ccp-props=\"{&quot;335551550&quot;:2,&quot;335551620&quot;:2}\">\u00a0<\/span><\/td>\n<td data-celllook=\"0\"><b><span data-contrast=\"auto\">2<\/span><\/b><span data-ccp-props=\"{&quot;335551550&quot;:2,&quot;335551620&quot;:2}\">\u00a0<\/span><\/td>\n<\/tr>\n<tr>\n<td data-celllook=\"0\"><b><span data-contrast=\"auto\">CPS20M<\/span><\/b><span data-ccp-props=\"{&quot;335551550&quot;:2,&quot;335551620&quot;:2}\">\u00a0<\/span><\/td>\n<td data-celllook=\"0\"><span data-contrast=\"auto\">Peltier cooler controller<\/span><span data-ccp-props=\"{&quot;335551550&quot;:2,&quot;335551620&quot;:2}\">\u00a0<\/span><\/p>\n<p><span data-contrast=\"auto\">For PMT with side window<\/span><span data-ccp-props=\"{&quot;335551550&quot;:2,&quot;335551620&quot;:2}\">\u00a0<\/span><\/td>\n<td data-celllook=\"0\"><b><span data-contrast=\"auto\">2<\/span><\/b><span data-ccp-props=\"{&quot;335551550&quot;:2,&quot;335551620&quot;:2}\">\u00a0<\/span><\/td>\n<\/tr>\n<tr>\n<td data-celllook=\"0\"><b><span data-contrast=\"auto\">DH-Py<\/span><\/b><span data-ccp-props=\"{&quot;335551550&quot;:2,&quot;335551620&quot;:2}\">\u00a0<\/span><\/td>\n<td data-celllook=\"0\"><span data-contrast=\"auto\">Power supply<\/span><span data-ccp-props=\"{&quot;335551550&quot;:2,&quot;335551620&quot;:2}\">\u00a0<\/span><\/p>\n<p><span data-contrast=\"auto\">For DH-Py detector<\/span><span data-ccp-props=\"{&quot;335551550&quot;:2,&quot;335551620&quot;:2}\">\u00a0<\/span><\/td>\n<td data-celllook=\"0\"><b><span data-contrast=\"auto\">1<\/span><\/b><span data-ccp-props=\"{&quot;335551550&quot;:2,&quot;335551620&quot;:2}\">\u00a0<\/span><\/td>\n<\/tr>\n<\/tbody>\n<\/table>\n<div class=\"ctadiv\"><a class=\"cta\" href=\"https:\/\/www.trioptics.fr\/en\/contact\/\">Contact us for a quote<\/a><\/div>\n<div class=\"tlchgmt\">\n<p class=\"titdoc\"><span class=\"tittel\">Download data sheet<\/span><\/p>\n<p><a class=\"doctel\" class=\"doctel\" href=\"https:\/\/www.trioptics.fr\/wp-content\/uploads\/produits\/fichiers\/417.pdf\" target=\"_blank\" rel=\"noopener\">Documentation <span class=\"nomtel\">417.pdf<\/span><\/a><\/p>\n<\/div>\n<div class=\"video\">\n<p>&nbsp;<\/p>\n<\/div>\n","protected":false},"excerpt":{"rendered":"<p>The 417 sensing electronics control unit represents a customizable all-in-one optical sensing system designed for optimal operation and automation of light measurement systems.\u00a0 Serving as enclosure,<span class=\"excerpt-hellip\"> [\u2026]<\/span><\/p>\n","protected":false},"featured_media":42620,"template":"","meta":{"rs_blank_template":"","rs_page_bg_color":"","slide_template_v7":""},"product_brand":[],"product_cat":[1692],"product_tag":[],"class_list":{"0":"post-42289","1":"product","2":"type-product","3":"status-publish","4":"has-post-thumbnail","6":"product_cat-detection-electronics-and-power-supply","8":"first","9":"instock","10":"product-type-simple"},"yoast_head":"<!-- This site is optimized with the Yoast SEO plugin v27.3 - https:\/\/yoast.com\/product\/yoast-seo-wordpress\/ -->\n<title>Electronic housing for detection system \u2013 Model 417<\/title>\n<meta name=\"description\" content=\"TRIOPTICS distributes high-precision optical equipment for industry and research, including Electronic housing for detection system \u2013 Model 417. Visit our website to learn more.\" \/>\n<meta name=\"robots\" content=\"index, follow, max-snippet:-1, max-image-preview:large, max-video-preview:-1\" \/>\n<link rel=\"canonical\" href=\"https:\/\/www.trioptics.fr\/en\/product\/417-housing-for-detection-electronics\/\" \/>\n<meta property=\"og:locale\" content=\"en_GB\" \/>\n<meta property=\"og:type\" content=\"article\" \/>\n<meta property=\"og:title\" content=\"Electronic housing for detection system \u2013 Model 417\" \/>\n<meta property=\"og:description\" content=\"TRIOPTICS distributes high-precision optical equipment for industry and research, including Electronic housing for detection system \u2013 Model 417. Visit our website to learn more.\" \/>\n<meta property=\"og:url\" content=\"https:\/\/www.trioptics.fr\/en\/product\/417-housing-for-detection-electronics\/\" \/>\n<meta property=\"og:site_name\" content=\"TRIOPTICS\" \/>\n<meta property=\"article:modified_time\" content=\"2025-09-11T15:34:53+00:00\" \/>\n<meta property=\"og:image\" content=\"https:\/\/www.trioptics.fr\/wp-content\/uploads\/2022\/01\/417.webp\" \/>\n\t<meta property=\"og:image:width\" content=\"1200\" \/>\n\t<meta property=\"og:image:height\" content=\"702\" \/>\n\t<meta property=\"og:image:type\" content=\"image\/webp\" \/>\n<meta name=\"twitter:card\" content=\"summary_large_image\" \/>\n<meta name=\"twitter:label1\" content=\"Estimated reading time\" \/>\n\t<meta name=\"twitter:data1\" content=\"1 minute\" \/>\n<script type=\"application\/ld+json\" class=\"yoast-schema-graph\">{\"@context\":\"https:\\\/\\\/schema.org\",\"@graph\":[{\"@type\":\"WebPage\",\"@id\":\"https:\\\/\\\/www.trioptics.fr\\\/en\\\/product\\\/417-housing-for-detection-electronics\\\/\",\"url\":\"https:\\\/\\\/www.trioptics.fr\\\/en\\\/product\\\/417-housing-for-detection-electronics\\\/\",\"name\":\"Electronic housing for detection system \u2013 Model 417\",\"isPartOf\":{\"@id\":\"https:\\\/\\\/www.trioptics.fr\\\/en\\\/#website\"},\"primaryImageOfPage\":{\"@id\":\"https:\\\/\\\/www.trioptics.fr\\\/en\\\/product\\\/417-housing-for-detection-electronics\\\/#primaryimage\"},\"image\":{\"@id\":\"https:\\\/\\\/www.trioptics.fr\\\/en\\\/product\\\/417-housing-for-detection-electronics\\\/#primaryimage\"},\"thumbnailUrl\":\"https:\\\/\\\/www.trioptics.fr\\\/wp-content\\\/uploads\\\/2022\\\/01\\\/417.webp\",\"datePublished\":\"2022-01-03T17:39:42+00:00\",\"dateModified\":\"2025-09-11T15:34:53+00:00\",\"description\":\"TRIOPTICS distributes high-precision optical equipment for industry and research, including Electronic housing for detection system \u2013 Model 417. Visit our website to learn more.\",\"breadcrumb\":{\"@id\":\"https:\\\/\\\/www.trioptics.fr\\\/en\\\/product\\\/417-housing-for-detection-electronics\\\/#breadcrumb\"},\"inLanguage\":\"en-GB\",\"potentialAction\":[{\"@type\":\"ReadAction\",\"target\":[\"https:\\\/\\\/www.trioptics.fr\\\/en\\\/product\\\/417-housing-for-detection-electronics\\\/\"]}]},{\"@type\":\"ImageObject\",\"inLanguage\":\"en-GB\",\"@id\":\"https:\\\/\\\/www.trioptics.fr\\\/en\\\/product\\\/417-housing-for-detection-electronics\\\/#primaryimage\",\"url\":\"https:\\\/\\\/www.trioptics.fr\\\/wp-content\\\/uploads\\\/2022\\\/01\\\/417.webp\",\"contentUrl\":\"https:\\\/\\\/www.trioptics.fr\\\/wp-content\\\/uploads\\\/2022\\\/01\\\/417.webp\",\"width\":1200,\"height\":702},{\"@type\":\"BreadcrumbList\",\"@id\":\"https:\\\/\\\/www.trioptics.fr\\\/en\\\/product\\\/417-housing-for-detection-electronics\\\/#breadcrumb\",\"itemListElement\":[{\"@type\":\"ListItem\",\"position\":1,\"name\":\"Shop\",\"item\":\"https:\\\/\\\/www.trioptics.fr\\\/en\\\/shop\\\/\"},{\"@type\":\"ListItem\",\"position\":2,\"name\":\"Electronic housing for detection system \u2013 Model 417\"}]},{\"@type\":\"WebSite\",\"@id\":\"https:\\\/\\\/www.trioptics.fr\\\/en\\\/#website\",\"url\":\"https:\\\/\\\/www.trioptics.fr\\\/en\\\/\",\"name\":\"TRIOPTICS\",\"description\":\"Mat\u00e9riel optique, photonique\",\"potentialAction\":[{\"@type\":\"SearchAction\",\"target\":{\"@type\":\"EntryPoint\",\"urlTemplate\":\"https:\\\/\\\/www.trioptics.fr\\\/en\\\/?s={search_term_string}\"},\"query-input\":{\"@type\":\"PropertyValueSpecification\",\"valueRequired\":true,\"valueName\":\"search_term_string\"}}],\"inLanguage\":\"en-GB\"}]}<\/script>\n<!-- \/ Yoast SEO plugin. -->","yoast_head_json":{"title":"Electronic housing for detection system \u2013 Model 417","description":"TRIOPTICS distributes high-precision optical equipment for industry and research, including Electronic housing for detection system \u2013 Model 417. Visit our website to learn more.","robots":{"index":"index","follow":"follow","max-snippet":"max-snippet:-1","max-image-preview":"max-image-preview:large","max-video-preview":"max-video-preview:-1"},"canonical":"https:\/\/www.trioptics.fr\/en\/product\/417-housing-for-detection-electronics\/","og_locale":"en_GB","og_type":"article","og_title":"Electronic housing for detection system \u2013 Model 417","og_description":"TRIOPTICS distributes high-precision optical equipment for industry and research, including Electronic housing for detection system \u2013 Model 417. Visit our website to learn more.","og_url":"https:\/\/www.trioptics.fr\/en\/product\/417-housing-for-detection-electronics\/","og_site_name":"TRIOPTICS","article_modified_time":"2025-09-11T15:34:53+00:00","og_image":[{"width":1200,"height":702,"url":"https:\/\/www.trioptics.fr\/wp-content\/uploads\/2022\/01\/417.webp","type":"image\/webp"}],"twitter_card":"summary_large_image","twitter_misc":{"Estimated reading time":"1 minute"},"schema":{"@context":"https:\/\/schema.org","@graph":[{"@type":"WebPage","@id":"https:\/\/www.trioptics.fr\/en\/product\/417-housing-for-detection-electronics\/","url":"https:\/\/www.trioptics.fr\/en\/product\/417-housing-for-detection-electronics\/","name":"Electronic housing for detection system \u2013 Model 417","isPartOf":{"@id":"https:\/\/www.trioptics.fr\/en\/#website"},"primaryImageOfPage":{"@id":"https:\/\/www.trioptics.fr\/en\/product\/417-housing-for-detection-electronics\/#primaryimage"},"image":{"@id":"https:\/\/www.trioptics.fr\/en\/product\/417-housing-for-detection-electronics\/#primaryimage"},"thumbnailUrl":"https:\/\/www.trioptics.fr\/wp-content\/uploads\/2022\/01\/417.webp","datePublished":"2022-01-03T17:39:42+00:00","dateModified":"2025-09-11T15:34:53+00:00","description":"TRIOPTICS distributes high-precision optical equipment for industry and research, including Electronic housing for detection system \u2013 Model 417. Visit our website to learn more.","breadcrumb":{"@id":"https:\/\/www.trioptics.fr\/en\/product\/417-housing-for-detection-electronics\/#breadcrumb"},"inLanguage":"en-GB","potentialAction":[{"@type":"ReadAction","target":["https:\/\/www.trioptics.fr\/en\/product\/417-housing-for-detection-electronics\/"]}]},{"@type":"ImageObject","inLanguage":"en-GB","@id":"https:\/\/www.trioptics.fr\/en\/product\/417-housing-for-detection-electronics\/#primaryimage","url":"https:\/\/www.trioptics.fr\/wp-content\/uploads\/2022\/01\/417.webp","contentUrl":"https:\/\/www.trioptics.fr\/wp-content\/uploads\/2022\/01\/417.webp","width":1200,"height":702},{"@type":"BreadcrumbList","@id":"https:\/\/www.trioptics.fr\/en\/product\/417-housing-for-detection-electronics\/#breadcrumb","itemListElement":[{"@type":"ListItem","position":1,"name":"Shop","item":"https:\/\/www.trioptics.fr\/en\/shop\/"},{"@type":"ListItem","position":2,"name":"Electronic housing for detection system \u2013 Model 417"}]},{"@type":"WebSite","@id":"https:\/\/www.trioptics.fr\/en\/#website","url":"https:\/\/www.trioptics.fr\/en\/","name":"TRIOPTICS","description":"Mat\u00e9riel optique, photonique","potentialAction":[{"@type":"SearchAction","target":{"@type":"EntryPoint","urlTemplate":"https:\/\/www.trioptics.fr\/en\/?s={search_term_string}"},"query-input":{"@type":"PropertyValueSpecification","valueRequired":true,"valueName":"search_term_string"}}],"inLanguage":"en-GB"}]}},"_links":{"self":[{"href":"https:\/\/www.trioptics.fr\/en\/wp-json\/wp\/v2\/product\/42289","targetHints":{"allow":["GET"]}}],"collection":[{"href":"https:\/\/www.trioptics.fr\/en\/wp-json\/wp\/v2\/product"}],"about":[{"href":"https:\/\/www.trioptics.fr\/en\/wp-json\/wp\/v2\/types\/product"}],"wp:featuredmedia":[{"embeddable":true,"href":"https:\/\/www.trioptics.fr\/en\/wp-json\/wp\/v2\/media\/42620"}],"wp:attachment":[{"href":"https:\/\/www.trioptics.fr\/en\/wp-json\/wp\/v2\/media?parent=42289"}],"wp:term":[{"taxonomy":"product_brand","embeddable":true,"href":"https:\/\/www.trioptics.fr\/en\/wp-json\/wp\/v2\/product_brand?post=42289"},{"taxonomy":"product_cat","embeddable":true,"href":"https:\/\/www.trioptics.fr\/en\/wp-json\/wp\/v2\/product_cat?post=42289"},{"taxonomy":"product_tag","embeddable":true,"href":"https:\/\/www.trioptics.fr\/en\/wp-json\/wp\/v2\/product_tag?post=42289"}],"curies":[{"name":"wp","href":"https:\/\/api.w.org\/{rel}","templated":true}]}}