{"id":42971,"date":"2025-08-28T08:50:35","date_gmt":"2025-08-28T06:50:35","guid":{"rendered":"https:\/\/www.trioptics.fr\/?post_type=product&#038;p=42971"},"modified":"2025-08-28T08:53:21","modified_gmt":"2025-08-28T06:53:21","slug":"velocimetre-microv","status":"publish","type":"product","link":"https:\/\/www.trioptics.fr\/en\/product\/velocimetre-microv\/","title":{"rendered":"V\u00e9locim\u00e8tre MicroV"},"content":{"rendered":"<div><\/div>\n<div><\/div>\n<div class=\"ctadiv\"><a class=\"cta\" href=\"\/nous-contacter.html\">Contactez-nous pour un devis<\/a><\/div>\n<div class=\"tlchgmt\">\n<p class=\"titdoc\"><span class=\"tittel\">Fiches techniques \u00e0 t\u00e9l\u00e9charger<\/span><\/p>\n<p><a class=\"doctel\" href=\"https:\/\/www.trioptics.fr\/wp-content\/uploads\/2025\/07\/microV_description_nobleed.pdf\" target=\"_blank\" rel=\"noopener\">Fiche Technique <span class=\"nomtel\">MicroV.pdf<\/span><\/a><\/p>\n<p><a class=\"doctel\" href=\"https:\/\/www.trioptics.fr\/wp-content\/uploads\/2024\/11\/SLV-Brochure.pdf\" target=\"_blank\" rel=\"noopener\"><span class=\"nomtel\">Brochure MicroV.pdf<\/span><\/a><\/p>\n<p>&nbsp;<\/p>\n<p>&nbsp;<\/p>\n<\/div>\n","protected":false},"excerpt":{"rendered":"<p><br data-mce-bogus=\"1\"><\/p>\n","protected":false},"featured_media":0,"template":"","meta":{"rs_blank_template":"","rs_page_bg_color":"","slide_template_v7":""},"product_brand":[],"product_cat":[1245],"product_tag":[],"class_list":{"0":"post-42971","1":"product","2":"type-product","3":"status-publish","5":"product_cat-production-of-optical-components-by-volume","7":"first","8":"instock","9":"shipping-taxable","10":"product-type-simple"},"yoast_head":"<!-- This site is optimized with the Yoast SEO plugin v27.3 - https:\/\/yoast.com\/product\/yoast-seo-wordpress\/ -->\n<title>V\u00e9locim\u00e8tre MicroV<\/title>\n<meta name=\"description\" content=\"TRIOPTICS distribue des \u00e9quipements pour l&#039;industrie et la recherche tels que V\u00e9locim\u00e8tre MicroV . Consultez notre site pour en savoir plus.\" \/>\n<meta name=\"robots\" content=\"index, follow, max-snippet:-1, max-image-preview:large, max-video-preview:-1\" \/>\n<link rel=\"canonical\" href=\"https:\/\/www.trioptics.fr\/en\/product\/velocimetre-microv\/\" \/>\n<meta property=\"og:locale\" content=\"en_GB\" \/>\n<meta property=\"og:type\" content=\"article\" \/>\n<meta property=\"og:title\" content=\"V\u00e9locim\u00e8tre MicroV\" \/>\n<meta property=\"og:description\" content=\"TRIOPTICS distribue des \u00e9quipements pour l&#039;industrie et la recherche tels que V\u00e9locim\u00e8tre MicroV . Consultez notre site pour en savoir plus.\" \/>\n<meta property=\"og:url\" content=\"https:\/\/www.trioptics.fr\/en\/product\/velocimetre-microv\/\" \/>\n<meta property=\"og:site_name\" content=\"TRIOPTICS\" \/>\n<meta property=\"article:modified_time\" content=\"2025-08-28T06:53:21+00:00\" \/>\n<meta name=\"twitter:card\" content=\"summary_large_image\" \/>\n<script type=\"application\/ld+json\" class=\"yoast-schema-graph\">{\"@context\":\"https:\\\/\\\/schema.org\",\"@graph\":[{\"@type\":\"WebPage\",\"@id\":\"https:\\\/\\\/www.trioptics.fr\\\/en\\\/product\\\/velocimetre-microv\\\/\",\"url\":\"https:\\\/\\\/www.trioptics.fr\\\/en\\\/product\\\/velocimetre-microv\\\/\",\"name\":\"V\u00e9locim\u00e8tre MicroV\",\"isPartOf\":{\"@id\":\"https:\\\/\\\/www.trioptics.fr\\\/en\\\/#website\"},\"datePublished\":\"2025-08-28T06:50:35+00:00\",\"dateModified\":\"2025-08-28T06:53:21+00:00\",\"description\":\"TRIOPTICS distribue des \u00e9quipements pour l'industrie et la recherche tels que V\u00e9locim\u00e8tre MicroV . Consultez notre site pour en savoir plus.\",\"breadcrumb\":{\"@id\":\"https:\\\/\\\/www.trioptics.fr\\\/en\\\/product\\\/velocimetre-microv\\\/#breadcrumb\"},\"inLanguage\":\"en-GB\",\"potentialAction\":[{\"@type\":\"ReadAction\",\"target\":[\"https:\\\/\\\/www.trioptics.fr\\\/en\\\/product\\\/velocimetre-microv\\\/\"]}]},{\"@type\":\"BreadcrumbList\",\"@id\":\"https:\\\/\\\/www.trioptics.fr\\\/en\\\/product\\\/velocimetre-microv\\\/#breadcrumb\",\"itemListElement\":[{\"@type\":\"ListItem\",\"position\":1,\"name\":\"Shop\",\"item\":\"https:\\\/\\\/www.trioptics.fr\\\/en\\\/shop\\\/\"},{\"@type\":\"ListItem\",\"position\":2,\"name\":\"V\u00e9locim\u00e8tre MicroV\"}]},{\"@type\":\"WebSite\",\"@id\":\"https:\\\/\\\/www.trioptics.fr\\\/en\\\/#website\",\"url\":\"https:\\\/\\\/www.trioptics.fr\\\/en\\\/\",\"name\":\"TRIOPTICS\",\"description\":\"Mat\u00e9riel optique, photonique\",\"potentialAction\":[{\"@type\":\"SearchAction\",\"target\":{\"@type\":\"EntryPoint\",\"urlTemplate\":\"https:\\\/\\\/www.trioptics.fr\\\/en\\\/?s={search_term_string}\"},\"query-input\":{\"@type\":\"PropertyValueSpecification\",\"valueRequired\":true,\"valueName\":\"search_term_string\"}}],\"inLanguage\":\"en-GB\"}]}<\/script>\n<!-- \/ Yoast SEO plugin. -->","yoast_head_json":{"title":"V\u00e9locim\u00e8tre MicroV","description":"TRIOPTICS distribue des \u00e9quipements pour l'industrie et la recherche tels que V\u00e9locim\u00e8tre MicroV . Consultez notre site pour en savoir plus.","robots":{"index":"index","follow":"follow","max-snippet":"max-snippet:-1","max-image-preview":"max-image-preview:large","max-video-preview":"max-video-preview:-1"},"canonical":"https:\/\/www.trioptics.fr\/en\/product\/velocimetre-microv\/","og_locale":"en_GB","og_type":"article","og_title":"V\u00e9locim\u00e8tre MicroV","og_description":"TRIOPTICS distribue des \u00e9quipements pour l'industrie et la recherche tels que V\u00e9locim\u00e8tre MicroV . Consultez notre site pour en savoir plus.","og_url":"https:\/\/www.trioptics.fr\/en\/product\/velocimetre-microv\/","og_site_name":"TRIOPTICS","article_modified_time":"2025-08-28T06:53:21+00:00","twitter_card":"summary_large_image","schema":{"@context":"https:\/\/schema.org","@graph":[{"@type":"WebPage","@id":"https:\/\/www.trioptics.fr\/en\/product\/velocimetre-microv\/","url":"https:\/\/www.trioptics.fr\/en\/product\/velocimetre-microv\/","name":"V\u00e9locim\u00e8tre MicroV","isPartOf":{"@id":"https:\/\/www.trioptics.fr\/en\/#website"},"datePublished":"2025-08-28T06:50:35+00:00","dateModified":"2025-08-28T06:53:21+00:00","description":"TRIOPTICS distribue des \u00e9quipements pour l'industrie et la recherche tels que V\u00e9locim\u00e8tre MicroV . Consultez notre site pour en savoir plus.","breadcrumb":{"@id":"https:\/\/www.trioptics.fr\/en\/product\/velocimetre-microv\/#breadcrumb"},"inLanguage":"en-GB","potentialAction":[{"@type":"ReadAction","target":["https:\/\/www.trioptics.fr\/en\/product\/velocimetre-microv\/"]}]},{"@type":"BreadcrumbList","@id":"https:\/\/www.trioptics.fr\/en\/product\/velocimetre-microv\/#breadcrumb","itemListElement":[{"@type":"ListItem","position":1,"name":"Shop","item":"https:\/\/www.trioptics.fr\/en\/shop\/"},{"@type":"ListItem","position":2,"name":"V\u00e9locim\u00e8tre MicroV"}]},{"@type":"WebSite","@id":"https:\/\/www.trioptics.fr\/en\/#website","url":"https:\/\/www.trioptics.fr\/en\/","name":"TRIOPTICS","description":"Mat\u00e9riel optique, photonique","potentialAction":[{"@type":"SearchAction","target":{"@type":"EntryPoint","urlTemplate":"https:\/\/www.trioptics.fr\/en\/?s={search_term_string}"},"query-input":{"@type":"PropertyValueSpecification","valueRequired":true,"valueName":"search_term_string"}}],"inLanguage":"en-GB"}]}},"_links":{"self":[{"href":"https:\/\/www.trioptics.fr\/en\/wp-json\/wp\/v2\/product\/42971","targetHints":{"allow":["GET"]}}],"collection":[{"href":"https:\/\/www.trioptics.fr\/en\/wp-json\/wp\/v2\/product"}],"about":[{"href":"https:\/\/www.trioptics.fr\/en\/wp-json\/wp\/v2\/types\/product"}],"wp:attachment":[{"href":"https:\/\/www.trioptics.fr\/en\/wp-json\/wp\/v2\/media?parent=42971"}],"wp:term":[{"taxonomy":"product_brand","embeddable":true,"href":"https:\/\/www.trioptics.fr\/en\/wp-json\/wp\/v2\/product_brand?post=42971"},{"taxonomy":"product_cat","embeddable":true,"href":"https:\/\/www.trioptics.fr\/en\/wp-json\/wp\/v2\/product_cat?post=42971"},{"taxonomy":"product_tag","embeddable":true,"href":"https:\/\/www.trioptics.fr\/en\/wp-json\/wp\/v2\/product_tag?post=42971"}],"curies":[{"name":"wp","href":"https:\/\/api.w.org\/{rel}","templated":true}]}}